{"id":768,"date":"2020-10-26T12:41:09","date_gmt":"2020-10-26T11:41:09","guid":{"rendered":"https:\/\/hendrikschneider.pswd-draft.de\/impressum\/"},"modified":"2025-10-27T10:34:07","modified_gmt":"2025-10-27T09:34:07","slug":"legal-notice","status":"publish","type":"page","link":"https:\/\/hendrikschneider.pswd-draft.de\/en\/legal-notice\/","title":{"rendered":"Legal notice"},"content":{"rendered":"\n<style type=\"text\/css\" data-created_by=\"avia_inline_auto\" id=\"style-css-av-kifukvgk-2ae18cd3ce2f27ecc09e98c6b3984927\">\n#top .hr.hr-invisible.av-kifukvgk-2ae18cd3ce2f27ecc09e98c6b3984927{\nheight:50px;\n}\n<\/style>\n<div  class='hr av-kifukvgk-2ae18cd3ce2f27ecc09e98c6b3984927 hr-invisible  avia-builder-el-0  el_before_av_one_full  avia-builder-el-first '><span class='hr-inner '><span class=\"hr-inner-style\"><\/span><\/span><\/div>\n\n<style type=\"text\/css\" data-created_by=\"avia_inline_auto\" id=\"style-css-av-11p1b-d42e9cb541b7904d3c96cfe7df90892f\">\n.flex_column.av-11p1b-d42e9cb541b7904d3c96cfe7df90892f{\nborder-radius:0px 0px 0px 0px;\npadding:0px 0px 0px 0px;\n}\n<\/style>\n<div  class='flex_column av-11p1b-d42e9cb541b7904d3c96cfe7df90892f av_one_full  avia-builder-el-1  el_after_av_hr  el_before_av_hr  first flex_column_div av-zero-column-padding  '     ><style type=\"text\/css\" data-created_by=\"avia_inline_auto\" id=\"style-css-av-kiuac1xc-0a24a83e2ce8e7d7d314b73fd746dd50\">\n#top .av-special-heading.av-kiuac1xc-0a24a83e2ce8e7d7d314b73fd746dd50{\npadding-bottom:10px;\n}\nbody .av-special-heading.av-kiuac1xc-0a24a83e2ce8e7d7d314b73fd746dd50 .av-special-heading-tag .heading-char{\nfont-size:25px;\n}\n.av-special-heading.av-kiuac1xc-0a24a83e2ce8e7d7d314b73fd746dd50 .av-subheading{\nfont-size:15px;\n}\n\n@media only screen and (min-width: 768px) and (max-width: 989px){ \n#top #wrap_all .av-special-heading.av-kiuac1xc-0a24a83e2ce8e7d7d314b73fd746dd50 .av-special-heading-tag{\nfont-size:30px;\n}\n}\n\n@media only screen and (min-width: 480px) and (max-width: 767px){ \n#top #wrap_all .av-special-heading.av-kiuac1xc-0a24a83e2ce8e7d7d314b73fd746dd50 .av-special-heading-tag{\nfont-size:25px;\n}\n}\n\n@media only screen and (max-width: 479px){ \n#top #wrap_all .av-special-heading.av-kiuac1xc-0a24a83e2ce8e7d7d314b73fd746dd50 .av-special-heading-tag{\nfont-size:25px;\n}\n}\n<\/style>\n<div  class='av-special-heading av-kiuac1xc-0a24a83e2ce8e7d7d314b73fd746dd50 av-special-heading-h1 blockquote modern-quote modern-centered  avia-builder-el-2  avia-builder-el-no-sibling '><h1 class='av-special-heading-tag '  itemprop=\"headline\"  >Legal Notice<\/h1><div class=\"special-heading-border\"><div class=\"special-heading-inner-border\"><\/div><\/div><\/div><\/div>\n\n<style type=\"text\/css\" data-created_by=\"avia_inline_auto\" id=\"style-css-av-kifyern6-d2d91d54ae2ab5278536792580b8435a\">\n#top .hr.av-kifyern6-d2d91d54ae2ab5278536792580b8435a{\nmargin-top:0;\nmargin-bottom:-12px;\n}\n.hr.av-kifyern6-d2d91d54ae2ab5278536792580b8435a .hr-inner{\nwidth:100%;\nborder-color:#857050;\n}\n<\/style>\n<div  class='hr av-kifyern6-d2d91d54ae2ab5278536792580b8435a hr-custom  avia-builder-el-3  el_after_av_one_full  el_before_av_hr  my-golden-separator hr-center hr-icon-no'><span class='hr-inner inner-border-av-border-fat'><span class=\"hr-inner-style\"><\/span><\/span><\/div>\n\n<style type=\"text\/css\" data-created_by=\"avia_inline_auto\" id=\"style-css-av-kifukvgk-95717c84d7d0f9f579f8dd363450b9ce\">\n#top .hr.hr-invisible.av-kifukvgk-95717c84d7d0f9f579f8dd363450b9ce{\nheight:30px;\n}\n<\/style>\n<div  class='hr av-kifukvgk-95717c84d7d0f9f579f8dd363450b9ce hr-invisible  avia-builder-el-4  el_after_av_hr  el_before_av_layout_row  avia-builder-el-last '><span class='hr-inner '><span class=\"hr-inner-style\"><\/span><\/span><\/div>\n<\/div><\/div><\/div><!-- close content main div --><\/div><\/div><div id='av-layout-grid-1'  class='av-layout-grid-container av-2yzyl-cf4a8c2f316280105c749a3555a8a030 entry-content-wrapper main_color av-flex-cells  avia-builder-el-5  el_after_av_hr  el_before_av_hr  grid-row-not-first  container_wrap fullsize'  >\n<div class='flex_cell av-26ru1-77799691ea3520cf5176e5c4d7239137 av-gridrow-cell av_one_fourth no_margin  avia-builder-el-6  el_before_av_cell_one_half  avia-builder-el-first '  ><div class='flex_cell_inner'><\/div><\/div><div class='flex_cell av-1ks39-2fbcb3dd69a446782651e3f133804cf8 av-gridrow-cell av_one_half no_margin  avia-builder-el-7  el_after_av_cell_one_fourth  el_before_av_cell_one_fourth '  ><div class='flex_cell_inner'><p><section  class='av_textblock_section av-kiu77imd-892fb19f5c469a9a92ada0529bd59f1b '   itemscope=\"itemscope\" itemtype=\"https:\/\/schema.org\/CreativeWork\" ><div class='avia_textblock'  itemprop=\"text\" ><p>Rechtsanwalt Prof. Dr. jur. Hendrik Schneider<br \/>\nKanzlei f\u00fcr Wirtschafts- und Medizinstrafrechtrecht<br \/>\nTaunusstra\u00dfe 7<br \/>\n65183 Wiesbaden<\/p>\n<h4>Contact<\/h4>\n<p>Phone: +49 (0) 611 950 081 10<br \/>\nTelefax: +49 (0) 611 950 081 90<br \/>\nE-mail: info@hendrikschneider.pswd-draft.de<\/p>\n<h4>VAT ID<\/h4>\n<p>Sales tax identification number according to Sect. 27 a of the Sales Tax Law:<br \/>\nDE309047600<\/p>\n<h4>Supervisory authority<\/h4>\n<p>Rechtsanwaltskammer Frankfurt am Main<br \/>\nBockenheimer Anlage 36<br \/>\n60322 Frankfurt am Main<\/p>\n<p><a href=\"https:\/\/www.rak-ffm.de\/\" target=\"_blank\" rel=\"noopener noreferrer\">https:\/\/www.rak-ffm.de<\/a><\/p>\n<h4>Job title and professional regulations<\/h4>\n<p>Job title:<br \/>\nRechtsanwalt<\/p>\n<p>Competent chamber:<br \/>\nRechtsanwaltskammer Frankfurt am Main<\/p>\n<p>Authorisation granted in:<br \/>\nBundesrepublik Deutschland<\/p>\n<p>Es gelten folgende berufsrechtliche Regelungen:<\/p>\n<p>Das einschl\u00e4gige Berufsrecht ergibt sich aus der BRAO (Bundesrechtsanwaltsordnung). Diese ist im Internet frei verf\u00fcgbar unter https:\/\/brak.de und wird von uns selbstverst\u00e4ndlich auch in Papierform vorgehalten.<br \/>\navailable at:\u00a0<a href=\"https:\/\/brak.de\/\" target=\"_blank\" rel=\"noopener noreferrer\">https:\/\/brak.de<\/a><\/p>\n<h4>Information regarding professional liability insurance<\/h4>\n<p><strong>Name and registered office of the insurer:<\/strong><br \/>\nRA Prof. Dr. jur. Hendrik Schneider h\u00e4lt bei der ERGO Versicherung AG in 40198 D\u00fcsseldorf eine Verm\u00f6genshaftpflichtversicherung vor.<\/p>\n<h4>Person responsible for editorial<\/h4>\n<p>Rechtsanwalt Prof. Dr. jur. Hendrik Schneider<br \/>\nTaunusstra\u00dfe 7<br \/>\n65183 Wiesbaden<\/p>\n<h4>Dispute resolution proceedings in front of a consumer arbitration board<\/h4>\n<p>We are not willing or obliged to participate in dispute resolution proceedings in front of a consumer arbitration board.<\/p>\n<h4>Picture credits<\/h4>\n<p>Photos \u00a9 Prof. Dr. jur. Hendrik Schneider<br \/>\nPhotos \u00a9 Prof. Dr. Hans-G\u00fcnter Lindner<br \/>\n<em>Photo Fresh leaf near a MacBook by <a href=\"https:\/\/unsplash.com\/@sarahdorweiler?utm_source=unsplash&amp;utm_medium=referral&amp;utm_content=creditCopyText\" target=\"_blank\" rel=\"noopener\">Sarah Dorweiler<\/a> on <a href=\"https:\/\/unsplash.com\/@sarahdorweiler?utm_source=unsplash&amp;utm_medium=referral&amp;utm_content=creditCopyText\" target=\"_blank\" rel=\"noopener\">Unsplash<\/a><\/em><br \/>\nRetouching Myriam Wingen-Kaminsky \/ <a href=\"https:\/\/motionwing.com\" target=\"_blank\" rel=\"noopener\">MOTIONWING<\/a><\/p>\n<\/div><\/section><br \/>\n<div  class='togglecontainer av-kiu7gcyx-5d7c89374b75bc376e38f6f6c80182a7  avia-builder-el-9  el_after_av_textblock  avia-builder-el-last  toggle_close_all' >\n<section class='av_toggle_section av-1hyq0-354a5ab8497379ed80501decb242ea00'  itemscope=\"itemscope\" itemtype=\"https:\/\/schema.org\/CreativeWork\" ><div role=\"tablist\" class=\"single_toggle\" data-tags=\"{All} \"  ><p id='toggle-toggle-id-1' data-fake-id='#toggle-id-1' class='toggler  av-title-above '  itemprop=\"headline\"  role='tab' tabindex='0' aria-controls='toggle-id-1' data-slide-speed=\"200\" data-title=\"Liability for Links\" data-title-open=\"\" data-aria_collapsed=\"Click to expand: Liability for Links\" data-aria_expanded=\"Click to collapse: Liability for Links\">Liability for Links<span class=\"toggle_icon\"><span class=\"vert_icon\"><\/span><span class=\"hor_icon\"><\/span><\/span><\/p><div id='toggle-id-1' aria-labelledby='toggle-toggle-id-1' role='region' class='toggle_wrap  av-title-above'  ><div class='toggle_content invers-color '  itemprop=\"text\" ><p>Our offer includes links to external third-party websites. We have no influence on the contents of those websites, therefore we cannot guarantee for those contents. Providers or administrators of linked websites are always responsible for their own contents.<\/p>\n<p>The linked websites had been checked for possible violations of law at the time of the establishment of the link. Illegal contents were not detected at the time of the linking. A permanent monitoring of the contents of linked websites cannot be imposed without reasonable indications that there has been a violation of law. Illegal links will be removed immediately at the time we get knowledge of them.<\/p>\n<\/div><\/div><\/div><\/section>\n<section class='av_toggle_section av-7zuh4-12479a9d22e4280fbcdcb5030dd10e41'  itemscope=\"itemscope\" itemtype=\"https:\/\/schema.org\/CreativeWork\" ><div role=\"tablist\" class=\"single_toggle\" data-tags=\"{All} \"  ><p id='toggle-toggle-id-2' data-fake-id='#toggle-id-2' class='toggler  av-title-above '  itemprop=\"headline\"  role='tab' tabindex='0' aria-controls='toggle-id-2' data-slide-speed=\"200\" data-title=\"Copyright\" data-title-open=\"\" data-aria_collapsed=\"Click to expand: Copyright\" data-aria_expanded=\"Click to collapse: Copyright\">Copyright<span class=\"toggle_icon\"><span class=\"vert_icon\"><\/span><span class=\"hor_icon\"><\/span><\/span><\/p><div id='toggle-id-2' aria-labelledby='toggle-toggle-id-2' role='region' class='toggle_wrap  av-title-above'  ><div class='toggle_content invers-color '  itemprop=\"text\" ><p>Contents and compilations published on these websites by the providers are subject to German copyright laws. Reproduction, editing, distribution as well as the use of any kind outside the scope of the copyright law require a written permission of the author or originator. Downloads and copies of these websites are permitted for private use only.<br \/>\nThe commercial use of our contents without permission of the originator is prohibited.<\/p>\n<p>Copyright laws of third parties are respected as long as the contents on these websites do not originate from the provider. Contributions of third parties on this site are indicated as such. However, if you notice any violations of copyright law, please inform us. Such contents will be removed immediately.<\/p>\n<\/div><\/div><\/div><\/section>\n<\/div><\/p>\n<\/div><\/div>\n<style type=\"text\/css\" data-created_by=\"avia_inline_auto\" id=\"style-css-av-yl8x-87b4da3880ff20d4a2b9e0647fb4321f\">\n.flex_cell.av-yl8x-87b4da3880ff20d4a2b9e0647fb4321f{\nvertical-align:top;\n}\n.responsive #top #wrap_all .flex_cell.av-yl8x-87b4da3880ff20d4a2b9e0647fb4321f{\npadding:30px 30px 30px 30px !important;\n}\n<\/style>\n<div class='flex_cell av-yl8x-87b4da3880ff20d4a2b9e0647fb4321f av-gridrow-cell av_one_fourth no_margin  avia-builder-el-10  el_after_av_cell_one_half  avia-builder-el-last  content-align-top'  ><div class='flex_cell_inner'><\/div><\/div><\/div><div id='after_grid_row_1'  class='main_color av_default_container_wrap container_wrap fullsize'  ><div class='container av-section-cont-open' ><div class='template-page content  av-content-full alpha units'><div class='post-entry post-entry-type-page post-entry-768'><div class='entry-content-wrapper clearfix'>\n<style type=\"text\/css\" data-created_by=\"avia_inline_auto\" id=\"style-css-av-kifyern6-d2d91d54ae2ab5278536792580b8435a\">\n#top .hr.av-kifyern6-d2d91d54ae2ab5278536792580b8435a{\nmargin-top:0;\nmargin-bottom:-12px;\n}\n.hr.av-kifyern6-d2d91d54ae2ab5278536792580b8435a .hr-inner{\nwidth:100%;\nborder-color:#857050;\n}\n<\/style>\n<div  class='hr av-kifyern6-d2d91d54ae2ab5278536792580b8435a hr-custom  avia-builder-el-11  el_after_av_layout_row  el_before_av_hr  avia-builder-el-first  my-golden-separator hr-center hr-icon-no'><span class='hr-inner inner-border-av-border-fat'><span class=\"hr-inner-style\"><\/span><\/span><\/div><\/p>\n\n<style type=\"text\/css\" data-created_by=\"avia_inline_auto\" id=\"style-css-av-kifukvgk-91df2282e0f3bc27b0b0516854ebf507\">\n#top .hr.hr-invisible.av-kifukvgk-91df2282e0f3bc27b0b0516854ebf507{\nheight:60px;\n}\n<\/style>\n<div  class='hr av-kifukvgk-91df2282e0f3bc27b0b0516854ebf507 hr-invisible  avia-builder-el-12  el_after_av_hr  avia-builder-el-last '><span class='hr-inner '><span class=\"hr-inner-style\"><\/span><\/span><\/div>\n","protected":false},"excerpt":{"rendered":"","protected":false},"author":1,"featured_media":0,"parent":0,"menu_order":0,"comment_status":"closed","ping_status":"closed","template":"","meta":{"footnotes":""},"class_list":["post-768","page","type-page","status-publish","hentry"],"_links":{"self":[{"href":"https:\/\/hendrikschneider.pswd-draft.de\/en\/wp-json\/wp\/v2\/pages\/768","targetHints":{"allow":["GET"]}}],"collection":[{"href":"https:\/\/hendrikschneider.pswd-draft.de\/en\/wp-json\/wp\/v2\/pages"}],"about":[{"href":"https:\/\/hendrikschneider.pswd-draft.de\/en\/wp-json\/wp\/v2\/types\/page"}],"author":[{"embeddable":true,"href":"https:\/\/hendrikschneider.pswd-draft.de\/en\/wp-json\/wp\/v2\/users\/1"}],"replies":[{"embeddable":true,"href":"https:\/\/hendrikschneider.pswd-draft.de\/en\/wp-json\/wp\/v2\/comments?post=768"}],"version-history":[{"count":0,"href":"https:\/\/hendrikschneider.pswd-draft.de\/en\/wp-json\/wp\/v2\/pages\/768\/revisions"}],"wp:attachment":[{"href":"https:\/\/hendrikschneider.pswd-draft.de\/en\/wp-json\/wp\/v2\/media?parent=768"}],"curies":[{"name":"wp","href":"https:\/\/api.w.org\/{rel}","templated":true}]}}